{"id":20060,"date":"2024-04-17T16:15:42","date_gmt":"2024-04-17T16:15:42","guid":{"rendered":"http:\/\/www.thebestscartreatment.com\/french\/?page_id=20060"},"modified":"2024-12-02T18:49:02","modified_gmt":"2024-12-02T18:49:02","slug":"info-produits","status":"publish","type":"page","link":"http:\/\/www.thebestscartreatment.com\/french\/info-produits\/","title":{"rendered":"Produits"},"content":{"rendered":"\t\t<div data-elementor-type=\"wp-page\" data-elementor-id=\"20060\" class=\"elementor elementor-20060\" data-elementor-post-type=\"page\">\n\t\t\t\t\t\t<section class=\"elementor-section elementor-top-section elementor-element elementor-element-69a7576 elementor-section-boxed elementor-section-height-default elementor-section-height-default\" data-id=\"69a7576\" data-element_type=\"section\" data-settings=\"{&quot;background_background&quot;:&quot;classic&quot;}\">\n\t\t\t\t\t\t<div class=\"elementor-container elementor-column-gap-default\">\n\t\t\t\t\t<div class=\"elementor-column elementor-col-100 elementor-top-column elementor-element elementor-element-75fb0be\" data-id=\"75fb0be\" data-element_type=\"column\">\n\t\t\t<div class=\"elementor-widget-wrap elementor-element-populated\">\n\t\t\t\t\t\t<div class=\"elementor-element elementor-element-d01ffd9 elementor-widget elementor-widget-heading\" data-id=\"d01ffd9\" data-element_type=\"widget\" data-widget_type=\"heading.default\">\n\t\t\t\t<div class=\"elementor-widget-container\">\n\t\t\t<h1 class=\"elementor-heading-title elementor-size-xl\">Produits<\/h1>\t\t<\/div>\n\t\t\t\t<\/div>\n\t\t\t\t<div class=\"elementor-element elementor-element-3bdf473 elementor-widget elementor-widget-text-editor\" data-id=\"3bdf473\" data-element_type=\"widget\" data-widget_type=\"text-editor.default\">\n\t\t\t\t<div class=\"elementor-widget-container\">\n\t\t\t\t\t\t\t<p>SCARFIX I.T.S. \/ SCARREDUX I.T.S.<br \/>SCARFIX-SCARREDUX TRAITEMENT DES CICATRICES<br \/>VOLUBREAST SOIN DU BUSTE<br \/>STRETCHREDUX ANTI-VERGETURES<\/p>\t\t\t\t\t\t<\/div>\n\t\t\t\t<\/div>\n\t\t\t\t\t<\/div>\n\t\t<\/div>\n\t\t\t\t\t<\/div>\n\t\t<\/section>\n\t\t\t\t<section class=\"elementor-section elementor-top-section elementor-element elementor-element-2fb3b7e elementor-section-boxed elementor-section-height-default elementor-section-height-default\" data-id=\"2fb3b7e\" data-element_type=\"section\">\n\t\t\t\t\t\t<div class=\"elementor-container elementor-column-gap-default\">\n\t\t\t\t\t<div class=\"elementor-column elementor-col-100 elementor-top-column elementor-element elementor-element-829e113\" data-id=\"829e113\" data-element_type=\"column\">\n\t\t\t<div class=\"elementor-widget-wrap elementor-element-populated\">\n\t\t\t\t\t\t<div class=\"elementor-element elementor-element-81c13f5 elementor-widget elementor-widget-spacer\" data-id=\"81c13f5\" data-element_type=\"widget\" data-widget_type=\"spacer.default\">\n\t\t\t\t<div class=\"elementor-widget-container\">\n\t\t\t\t\t<div class=\"elementor-spacer\">\n\t\t\t<div class=\"elementor-spacer-inner\"><\/div>\n\t\t<\/div>\n\t\t\t\t<\/div>\n\t\t\t\t<\/div>\n\t\t\t\t\t<\/div>\n\t\t<\/div>\n\t\t\t\t\t<\/div>\n\t\t<\/section>\n\t\t\t\t<section class=\"elementor-section elementor-top-section elementor-element elementor-element-1b0c2cb elementor-section-boxed elementor-section-height-default elementor-section-height-default\" data-id=\"1b0c2cb\" data-element_type=\"section\">\n\t\t\t\t\t\t<div class=\"elementor-container elementor-column-gap-default\">\n\t\t\t\t\t<div class=\"elementor-column elementor-col-100 elementor-top-column elementor-element elementor-element-07fc5f8\" data-id=\"07fc5f8\" data-element_type=\"column\">\n\t\t\t<div class=\"elementor-widget-wrap elementor-element-populated\">\n\t\t\t\t\t\t<div class=\"elementor-element elementor-element-26e42c7 elementor-widget elementor-widget-heading\" data-id=\"26e42c7\" data-element_type=\"widget\" data-widget_type=\"heading.default\">\n\t\t\t\t<div class=\"elementor-widget-container\">\n\t\t\t<h3 class=\"elementor-heading-title elementor-size-default\">ScarFix I.T.S. \/ ScarRedux I.T.S.<\/h3>\t\t<\/div>\n\t\t\t\t<\/div>\n\t\t\t\t<div class=\"elementor-element elementor-element-0670d64 elementor-widget elementor-widget-text-editor\" data-id=\"0670d64\" data-element_type=\"widget\" data-widget_type=\"text-editor.default\">\n\t\t\t\t<div class=\"elementor-widget-container\">\n\t\t\t\t\t\t\t<p>Un syst\u00e8me de soins dermo-r\u00e9parateurs unique (Gel et OccluGel) con\u00e7us pour att\u00e9nuer progressivement les cicatrices disgracieuses. L\u2019OccluGel <sup>MC<\/sup> est un produit de remplacement sup\u00e9rieur aux feuilles de silicone. Plus facile \u00e0 utiliser, s\u2019adapte \u00e0 toutes les formes de cicatrices, plus grande occlusivit\u00e9, plus hygi\u00e9nique\u2026 Scarfix I.T. S<sup>MC<\/sup> ou ScarRedux I.T.S.<sup>MC<\/sup>\u00a0une technologie innovatrice brevet\u00e9 mondialement.<\/p>\t\t\t\t\t\t<\/div>\n\t\t\t\t<\/div>\n\t\t\t\t<div class=\"elementor-element elementor-element-5f0208f elementor-widget__width-initial elementor-widget elementor-widget-button\" data-id=\"5f0208f\" data-element_type=\"widget\" data-widget_type=\"button.default\">\n\t\t\t\t<div class=\"elementor-widget-container\">\n\t\t\t\t\t<div class=\"elementor-button-wrapper\">\n\t\t\t<a class=\"elementor-button elementor-button-link elementor-size-sm\" href=\"http:\/\/www.thebestscartreatment.com\/french\/scarfixits\/\">\n\t\t\t\t\t\t<span class=\"elementor-button-content-wrapper\">\n\t\t\t\t\t\t<span class=\"elementor-button-icon\">\n\t\t\t\t<i aria-hidden=\"true\" class=\"fas fa-plus\"><\/i>\t\t\t<\/span>\n\t\t\t\t\t\t\t\t\t<span class=\"elementor-button-text\">EN SAVOIR PLUS<\/span>\n\t\t\t\t\t<\/span>\n\t\t\t\t\t<\/a>\n\t\t<\/div>\n\t\t\t\t<\/div>\n\t\t\t\t<\/div>\n\t\t\t\t<div class=\"elementor-element elementor-element-b09f7b0 elementor-widget__width-initial elementor-widget elementor-widget-button\" data-id=\"b09f7b0\" data-element_type=\"widget\" data-widget_type=\"button.default\">\n\t\t\t\t<div class=\"elementor-widget-container\">\n\t\t\t\t\t<div class=\"elementor-button-wrapper\">\n\t\t\t<a class=\"elementor-button elementor-button-link elementor-size-sm\" href=\"http:\/\/www.thebestscartreatment.com\/french\/shop\/\">\n\t\t\t\t\t\t<span class=\"elementor-button-content-wrapper\">\n\t\t\t\t\t\t<span class=\"elementor-button-icon\">\n\t\t\t\t<i aria-hidden=\"true\" class=\"fas fa-shopping-cart\"><\/i>\t\t\t<\/span>\n\t\t\t\t\t\t\t\t<\/span>\n\t\t\t\t\t<\/a>\n\t\t<\/div>\n\t\t\t\t<\/div>\n\t\t\t\t<\/div>\n\t\t\t\t<div class=\"elementor-element elementor-element-edbae36 elementor-widget elementor-widget-spacer\" data-id=\"edbae36\" data-element_type=\"widget\" data-widget_type=\"spacer.default\">\n\t\t\t\t<div class=\"elementor-widget-container\">\n\t\t\t\t\t<div class=\"elementor-spacer\">\n\t\t\t<div class=\"elementor-spacer-inner\"><\/div>\n\t\t<\/div>\n\t\t\t\t<\/div>\n\t\t\t\t<\/div>\n\t\t\t\t\t<\/div>\n\t\t<\/div>\n\t\t\t\t\t<\/div>\n\t\t<\/section>\n\t\t\t\t<section class=\"elementor-section elementor-top-section elementor-element elementor-element-4f1b218 elementor-section-boxed elementor-section-height-default elementor-section-height-default\" data-id=\"4f1b218\" data-element_type=\"section\">\n\t\t\t\t\t\t<div class=\"elementor-container elementor-column-gap-default\">\n\t\t\t\t\t<div class=\"elementor-column elementor-col-100 elementor-top-column elementor-element elementor-element-001d09b\" data-id=\"001d09b\" data-element_type=\"column\">\n\t\t\t<div class=\"elementor-widget-wrap elementor-element-populated\">\n\t\t\t\t\t\t<div class=\"elementor-element elementor-element-7b80086 elementor-widget elementor-widget-heading\" data-id=\"7b80086\" data-element_type=\"widget\" data-widget_type=\"heading.default\">\n\t\t\t\t<div class=\"elementor-widget-container\">\n\t\t\t<h3 class=\"elementor-heading-title elementor-size-default\">ScarFix\u2013ScarRedux<\/h3>\t\t<\/div>\n\t\t\t\t<\/div>\n\t\t\t\t<div class=\"elementor-element elementor-element-0e4878e elementor-widget elementor-widget-text-editor\" data-id=\"0e4878e\" data-element_type=\"widget\" data-widget_type=\"text-editor.default\">\n\t\t\t\t<div class=\"elementor-widget-container\">\n\t\t\t\t\t\t\t<p><strong>La solution pour le traitement des cicatrices.\u00a0<\/strong>Les feuilles de silicone et le gel ScarFix<sup>MC<\/sup> sont efficaces pour att\u00e9nuer les cicatrices de fa\u00e7on progressive peu importe le type et l\u2019\u00e2ge de celles-ci. Utilisez le syst\u00e8me ScarFix<sup>MC<\/sup>\u00a0pour toutes les cicatrices : suite \u00e0 une blessure, cicatrices provenant de\u00a0<strong>br\u00fblures<\/strong>,\u00a0<strong>cicatrices d\u2019acn\u00e9<\/strong>, cicatrices r\u00e9sultant d&#8217;une\u00a0<strong>chirurgie\u00a0<\/strong>(chirurgie mammaire et autres), un redrapage, une\u00a0<strong>cicatrice de c\u00e9sarienne<\/strong>\u00a0ou autres. Efficace contre la\u00a0<strong>couperose<\/strong>, ScarFix<sup>MC<\/sup>\u00a0pr\u00e9vient aussi l\u2019<strong>hypertrophie tissulaire<\/strong>\u00a0et les\u00a0<strong>ch\u00e9lo\u00efdes<\/strong>.<\/p>\t\t\t\t\t\t<\/div>\n\t\t\t\t<\/div>\n\t\t\t\t<div class=\"elementor-element elementor-element-f7175f0 elementor-widget__width-initial elementor-widget elementor-widget-button\" data-id=\"f7175f0\" data-element_type=\"widget\" data-widget_type=\"button.default\">\n\t\t\t\t<div class=\"elementor-widget-container\">\n\t\t\t\t\t<div class=\"elementor-button-wrapper\">\n\t\t\t<a class=\"elementor-button elementor-button-link elementor-size-sm\" href=\"http:\/\/www.thebestscartreatment.com\/french\/scarfix\/\">\n\t\t\t\t\t\t<span class=\"elementor-button-content-wrapper\">\n\t\t\t\t\t\t<span class=\"elementor-button-icon\">\n\t\t\t\t<i aria-hidden=\"true\" class=\"fas fa-plus\"><\/i>\t\t\t<\/span>\n\t\t\t\t\t\t\t\t\t<span class=\"elementor-button-text\">EN SAVOIR PLUS<\/span>\n\t\t\t\t\t<\/span>\n\t\t\t\t\t<\/a>\n\t\t<\/div>\n\t\t\t\t<\/div>\n\t\t\t\t<\/div>\n\t\t\t\t<div class=\"elementor-element elementor-element-365721c elementor-widget__width-initial elementor-widget elementor-widget-button\" data-id=\"365721c\" data-element_type=\"widget\" data-widget_type=\"button.default\">\n\t\t\t\t<div class=\"elementor-widget-container\">\n\t\t\t\t\t<div class=\"elementor-button-wrapper\">\n\t\t\t<a class=\"elementor-button elementor-button-link elementor-size-sm\" href=\"http:\/\/www.thebestscartreatment.com\/french\/shop\/\">\n\t\t\t\t\t\t<span class=\"elementor-button-content-wrapper\">\n\t\t\t\t\t\t<span class=\"elementor-button-icon\">\n\t\t\t\t<i aria-hidden=\"true\" class=\"fas fa-shopping-cart\"><\/i>\t\t\t<\/span>\n\t\t\t\t\t\t\t\t<\/span>\n\t\t\t\t\t<\/a>\n\t\t<\/div>\n\t\t\t\t<\/div>\n\t\t\t\t<\/div>\n\t\t\t\t<div class=\"elementor-element elementor-element-fdeabe0 elementor-widget elementor-widget-spacer\" data-id=\"fdeabe0\" data-element_type=\"widget\" data-widget_type=\"spacer.default\">\n\t\t\t\t<div class=\"elementor-widget-container\">\n\t\t\t\t\t<div class=\"elementor-spacer\">\n\t\t\t<div class=\"elementor-spacer-inner\"><\/div>\n\t\t<\/div>\n\t\t\t\t<\/div>\n\t\t\t\t<\/div>\n\t\t\t\t\t<\/div>\n\t\t<\/div>\n\t\t\t\t\t<\/div>\n\t\t<\/section>\n\t\t\t\t<section class=\"elementor-section elementor-top-section elementor-element elementor-element-d03b28d elementor-section-boxed elementor-section-height-default elementor-section-height-default\" data-id=\"d03b28d\" data-element_type=\"section\">\n\t\t\t\t\t\t<div class=\"elementor-container elementor-column-gap-default\">\n\t\t\t\t\t<div class=\"elementor-column elementor-col-100 elementor-top-column elementor-element elementor-element-8d33889\" data-id=\"8d33889\" data-element_type=\"column\">\n\t\t\t<div class=\"elementor-widget-wrap elementor-element-populated\">\n\t\t\t\t\t\t<div class=\"elementor-element elementor-element-5ae8360 elementor-widget elementor-widget-heading\" data-id=\"5ae8360\" data-element_type=\"widget\" data-widget_type=\"heading.default\">\n\t\t\t\t<div class=\"elementor-widget-container\">\n\t\t\t<h3 class=\"elementor-heading-title elementor-size-default\">VoluBreast<\/h3>\t\t<\/div>\n\t\t\t\t<\/div>\n\t\t\t\t<div class=\"elementor-element elementor-element-3c8fc9d elementor-widget elementor-widget-text-editor\" data-id=\"3c8fc9d\" data-element_type=\"widget\" data-widget_type=\"text-editor.default\">\n\t\t\t\t<div class=\"elementor-widget-container\">\n\t\t\t\t\t\t\t<p>Soin<strong>\u00a0<\/strong><strong>volumateur<\/strong>,\u00a0<strong>raffermissant<\/strong><strong>\u00a0et tenseur<\/strong>\u00a0pour la\u00a0<strong>peau des seins<\/strong>, du<strong>\u00a0d\u00e9collet\u00e9<\/strong>\u00a0et du<strong>\u00a0cou<\/strong>. VoluBreast<sup>MC<\/sup> est un soin du buste efficace pour augmenter le volume cutan\u00e9 et l\u2019\u00e9lasticit\u00e9 de la peau, densifier et retendre la peau. Il est recommand\u00e9 pour les cas de pt\u00f4se mammaire, le rel\u00e2chement cutan\u00e9 ou encore pour conserver les bienfaits d\u2019une chirurgie mammaire, ou autres chirurgies esth\u00e9tiques concernant le buste. Utilisez VoluBreast<sup>MC<\/sup>\u00a0pour raffermir la peau du buste et pour am\u00e9liorer le volume et le\u00a0<strong>soutien des seins<\/strong>\u00a0obtenus gr\u00e2ce \u00e0 ses effets volumateurs et tenseurs.<\/p>\t\t\t\t\t\t<\/div>\n\t\t\t\t<\/div>\n\t\t\t\t<div class=\"elementor-element elementor-element-1655a8e elementor-widget__width-initial elementor-widget elementor-widget-button\" data-id=\"1655a8e\" data-element_type=\"widget\" data-widget_type=\"button.default\">\n\t\t\t\t<div class=\"elementor-widget-container\">\n\t\t\t\t\t<div class=\"elementor-button-wrapper\">\n\t\t\t<a class=\"elementor-button elementor-button-link elementor-size-sm\" href=\"http:\/\/www.thebestscartreatment.com\/french\/volubreast\/\">\n\t\t\t\t\t\t<span class=\"elementor-button-content-wrapper\">\n\t\t\t\t\t\t<span class=\"elementor-button-icon\">\n\t\t\t\t<i aria-hidden=\"true\" class=\"fas fa-plus\"><\/i>\t\t\t<\/span>\n\t\t\t\t\t\t\t\t\t<span class=\"elementor-button-text\">EN SAVOIR PLUS<\/span>\n\t\t\t\t\t<\/span>\n\t\t\t\t\t<\/a>\n\t\t<\/div>\n\t\t\t\t<\/div>\n\t\t\t\t<\/div>\n\t\t\t\t<div class=\"elementor-element elementor-element-3c69ea4 elementor-widget__width-initial elementor-widget elementor-widget-button\" data-id=\"3c69ea4\" data-element_type=\"widget\" data-widget_type=\"button.default\">\n\t\t\t\t<div class=\"elementor-widget-container\">\n\t\t\t\t\t<div class=\"elementor-button-wrapper\">\n\t\t\t<a class=\"elementor-button elementor-button-link elementor-size-sm\" href=\"http:\/\/www.thebestscartreatment.com\/french\/shop\/\">\n\t\t\t\t\t\t<span class=\"elementor-button-content-wrapper\">\n\t\t\t\t\t\t<span class=\"elementor-button-icon\">\n\t\t\t\t<i aria-hidden=\"true\" class=\"fas fa-shopping-cart\"><\/i>\t\t\t<\/span>\n\t\t\t\t\t\t\t\t<\/span>\n\t\t\t\t\t<\/a>\n\t\t<\/div>\n\t\t\t\t<\/div>\n\t\t\t\t<\/div>\n\t\t\t\t<div class=\"elementor-element elementor-element-1dac2e6 elementor-widget elementor-widget-spacer\" data-id=\"1dac2e6\" data-element_type=\"widget\" data-widget_type=\"spacer.default\">\n\t\t\t\t<div class=\"elementor-widget-container\">\n\t\t\t\t\t<div class=\"elementor-spacer\">\n\t\t\t<div class=\"elementor-spacer-inner\"><\/div>\n\t\t<\/div>\n\t\t\t\t<\/div>\n\t\t\t\t<\/div>\n\t\t\t\t\t<\/div>\n\t\t<\/div>\n\t\t\t\t\t<\/div>\n\t\t<\/section>\n\t\t\t\t<section class=\"elementor-section elementor-top-section elementor-element elementor-element-f81c246 elementor-section-boxed elementor-section-height-default elementor-section-height-default\" data-id=\"f81c246\" data-element_type=\"section\">\n\t\t\t\t\t\t<div class=\"elementor-container elementor-column-gap-default\">\n\t\t\t\t\t<div class=\"elementor-column elementor-col-100 elementor-top-column elementor-element elementor-element-5c9fd30\" data-id=\"5c9fd30\" data-element_type=\"column\">\n\t\t\t<div class=\"elementor-widget-wrap elementor-element-populated\">\n\t\t\t\t\t\t<div class=\"elementor-element elementor-element-8dcdae5 elementor-widget elementor-widget-heading\" data-id=\"8dcdae5\" data-element_type=\"widget\" data-widget_type=\"heading.default\">\n\t\t\t\t<div class=\"elementor-widget-container\">\n\t\t\t<h3 class=\"elementor-heading-title elementor-size-default\">StretchRedux<\/h3>\t\t<\/div>\n\t\t\t\t<\/div>\n\t\t\t\t<div class=\"elementor-element elementor-element-2e2b33f elementor-widget elementor-widget-text-editor\" data-id=\"2e2b33f\" data-element_type=\"widget\" data-widget_type=\"text-editor.default\">\n\t\t\t\t<div class=\"elementor-widget-container\">\n\t\t\t\t\t\t\t<p>Traitement des vergetures \u2013 Utilisez StretchRedux<sup>MC<\/sup>\u00a0<strong>anti-vergetures<\/strong> pour pr\u00e9venir et corriger les vergetures, r\u00e9parer les cassures \u00e9pidermiques, redonner \u00e9lasticit\u00e9 et souplesse cutan\u00e9e, diminuer la rougeur et aider \u00e0 ralentir le vieillissement de la peau. StretchRedux<sup>MC<\/sup>\u00a0est efficace pour les vergetures sur le corps, les\u00a0<strong>vergetures de grossesse<\/strong>, les vergetures suite \u00e0 une\u00a0<strong>musculation intensive<\/strong>, ou \u00e0 une\u00a0<strong>brusque prise ou perte de poids<\/strong>, etc.<\/p>\t\t\t\t\t\t<\/div>\n\t\t\t\t<\/div>\n\t\t\t\t<div class=\"elementor-element elementor-element-8252124 elementor-widget__width-initial elementor-widget elementor-widget-button\" data-id=\"8252124\" data-element_type=\"widget\" data-widget_type=\"button.default\">\n\t\t\t\t<div class=\"elementor-widget-container\">\n\t\t\t\t\t<div class=\"elementor-button-wrapper\">\n\t\t\t<a class=\"elementor-button elementor-button-link elementor-size-sm\" href=\"http:\/\/www.thebestscartreatment.com\/french\/StretchRedux\/\">\n\t\t\t\t\t\t<span class=\"elementor-button-content-wrapper\">\n\t\t\t\t\t\t<span class=\"elementor-button-icon\">\n\t\t\t\t<i aria-hidden=\"true\" class=\"fas fa-plus\"><\/i>\t\t\t<\/span>\n\t\t\t\t\t\t\t\t\t<span class=\"elementor-button-text\">EN SAVOIR PLUS<\/span>\n\t\t\t\t\t<\/span>\n\t\t\t\t\t<\/a>\n\t\t<\/div>\n\t\t\t\t<\/div>\n\t\t\t\t<\/div>\n\t\t\t\t<div class=\"elementor-element elementor-element-cf54564 elementor-widget__width-initial elementor-widget elementor-widget-button\" data-id=\"cf54564\" data-element_type=\"widget\" data-widget_type=\"button.default\">\n\t\t\t\t<div class=\"elementor-widget-container\">\n\t\t\t\t\t<div class=\"elementor-button-wrapper\">\n\t\t\t<a class=\"elementor-button elementor-button-link elementor-size-sm\" href=\"http:\/\/www.thebestscartreatment.com\/french\/shop\/\">\n\t\t\t\t\t\t<span class=\"elementor-button-content-wrapper\">\n\t\t\t\t\t\t<span class=\"elementor-button-icon\">\n\t\t\t\t<i aria-hidden=\"true\" class=\"fas fa-shopping-cart\"><\/i>\t\t\t<\/span>\n\t\t\t\t\t\t\t\t<\/span>\n\t\t\t\t\t<\/a>\n\t\t<\/div>\n\t\t\t\t<\/div>\n\t\t\t\t<\/div>\n\t\t\t\t<div class=\"elementor-element elementor-element-766ee5b elementor-widget elementor-widget-spacer\" data-id=\"766ee5b\" data-element_type=\"widget\" data-widget_type=\"spacer.default\">\n\t\t\t\t<div class=\"elementor-widget-container\">\n\t\t\t\t\t<div class=\"elementor-spacer\">\n\t\t\t<div class=\"elementor-spacer-inner\"><\/div>\n\t\t<\/div>\n\t\t\t\t<\/div>\n\t\t\t\t<\/div>\n\t\t\t\t\t<\/div>\n\t\t<\/div>\n\t\t\t\t\t<\/div>\n\t\t<\/section>\n\t\t\t\t<\/div>\n\t\t","protected":false},"excerpt":{"rendered":"<p>Produits SCARFIX I.T.S. \/ SCARREDUX I.T.S.SCARFIX-SCARREDUX TRAITEMENT DES CICATRICESVOLUBREAST SOIN DU BUSTESTRETCHREDUX ANTI-VERGETURES ScarFix I.T.S. \/ ScarRedux I.T.S. Un syst\u00e8me de soins dermo-r\u00e9parateurs unique (Gel et OccluGel) con\u00e7us pour att\u00e9nuer progressivement les cicatrices disgracieuses. L\u2019OccluGel MC est un produit de remplacement sup\u00e9rieur aux feuilles de silicone. Plus facile \u00e0 utiliser, s\u2019adapte \u00e0 toutes les formes [&hellip;]<\/p>\n","protected":false},"author":1,"featured_media":0,"parent":0,"menu_order":0,"comment_status":"closed","ping_status":"closed","template":"","meta":{"footnotes":""},"class_list":["post-20060","page","type-page","status-publish","hentry"],"_links":{"self":[{"href":"http:\/\/www.thebestscartreatment.com\/french\/wp-json\/wp\/v2\/pages\/20060"}],"collection":[{"href":"http:\/\/www.thebestscartreatment.com\/french\/wp-json\/wp\/v2\/pages"}],"about":[{"href":"http:\/\/www.thebestscartreatment.com\/french\/wp-json\/wp\/v2\/types\/page"}],"author":[{"embeddable":true,"href":"http:\/\/www.thebestscartreatment.com\/french\/wp-json\/wp\/v2\/users\/1"}],"replies":[{"embeddable":true,"href":"http:\/\/www.thebestscartreatment.com\/french\/wp-json\/wp\/v2\/comments?post=20060"}],"version-history":[{"count":35,"href":"http:\/\/www.thebestscartreatment.com\/french\/wp-json\/wp\/v2\/pages\/20060\/revisions"}],"predecessor-version":[{"id":20168,"href":"http:\/\/www.thebestscartreatment.com\/french\/wp-json\/wp\/v2\/pages\/20060\/revisions\/20168"}],"wp:attachment":[{"href":"http:\/\/www.thebestscartreatment.com\/french\/wp-json\/wp\/v2\/media?parent=20060"}],"curies":[{"name":"wp","href":"https:\/\/api.w.org\/{rel}","templated":true}]}}