{"id":20082,"date":"2024-07-11T16:04:29","date_gmt":"2024-07-11T16:04:29","guid":{"rendered":"http:\/\/www.thebestscartreatment.com\/french\/?page_id=20082"},"modified":"2024-08-06T20:51:48","modified_gmt":"2024-08-06T20:51:48","slug":"scarfixits","status":"publish","type":"page","link":"http:\/\/www.thebestscartreatment.com\/french\/scarfixits\/","title":{"rendered":"Scarfix I.T.S."},"content":{"rendered":"\t\t<div data-elementor-type=\"wp-page\" data-elementor-id=\"20082\" class=\"elementor elementor-20082\" data-elementor-post-type=\"page\">\n\t\t\t\t\t\t<section class=\"elementor-section elementor-top-section elementor-element elementor-element-a4700b8 elementor-section-boxed elementor-section-height-default elementor-section-height-default\" data-id=\"a4700b8\" data-element_type=\"section\" data-settings=\"{&quot;background_background&quot;:&quot;classic&quot;}\">\n\t\t\t\t\t\t<div class=\"elementor-container elementor-column-gap-default\">\n\t\t\t\t\t<div class=\"elementor-column elementor-col-50 elementor-top-column elementor-element elementor-element-0cbedf0\" data-id=\"0cbedf0\" data-element_type=\"column\">\n\t\t\t<div class=\"elementor-widget-wrap elementor-element-populated\">\n\t\t\t\t\t\t<div class=\"elementor-element elementor-element-d01c70f elementor-widget elementor-widget-heading\" data-id=\"d01c70f\" data-element_type=\"widget\" data-widget_type=\"heading.default\">\n\t\t\t\t<div class=\"elementor-widget-container\">\n\t\t\t<h1 class=\"elementor-heading-title elementor-size-xl\">Le syst\u00e8me ScarFix I.T.S\n<\/h1>\t\t<\/div>\n\t\t\t\t<\/div>\n\t\t\t\t<div class=\"elementor-element elementor-element-8a6048a elementor-widget elementor-widget-text-editor\" data-id=\"8a6048a\" data-element_type=\"widget\" data-widget_type=\"text-editor.default\">\n\t\t\t\t<div class=\"elementor-widget-container\">\n\t\t\t\t\t\t\t<p>SYST\u00c8ME SCARFIX TECHNOLOGIE INNOVATRICE<br>LA SOLUTION INNOVATRICE POUR ATT\u00c9NUER LES CICATRICES<br>SANS SILICONE ET BREVET\u00c9E MONDIALEMENT<\/p>\t\t\t\t\t\t<\/div>\n\t\t\t\t<\/div>\n\t\t\t\t<div class=\"elementor-element elementor-element-f149755 elementor-widget elementor-widget-text-editor\" data-id=\"f149755\" data-element_type=\"widget\" data-widget_type=\"text-editor.default\">\n\t\t\t\t<div class=\"elementor-widget-container\">\n\t\t\t\t\t\t\t<ul><li class=\"pucesfl\">La solution id\u00e9ale pour att\u00e9nuer les cicatrices disgracieuses.<\/li><li class=\"pucesfl\">Un syst\u00e8me unique constitu\u00e9 de 2 produits, le\u00a0<strong>Gel Dermo-R\u00e9parateur Scarfix<sup>MC<\/sup><\/strong>\u00a0et l\u2019<strong>OccluGel Scarfix<sup>MC<\/sup><\/strong>.<\/li><li class=\"pucesfl\">Une alternative\u00a0<strong>brevet\u00e9e<\/strong>\u00a0de remplacement\u00a0<strong>sup\u00e9rieure aux feuilles de silicone<\/strong>.<\/li><li class=\"pucesfl\">Recommand\u00e9 par les chirurgiens et les dermatologues.<\/li><li class=\"pucesfl\">R\u00e9sultats visibles apr\u00e8s quelques semaines!<\/li><\/ul>\t\t\t\t\t\t<\/div>\n\t\t\t\t<\/div>\n\t\t\t\t\t<\/div>\n\t\t<\/div>\n\t\t\t\t<div class=\"elementor-column elementor-col-50 elementor-top-column elementor-element elementor-element-f290d31\" data-id=\"f290d31\" data-element_type=\"column\">\n\t\t\t<div class=\"elementor-widget-wrap elementor-element-populated\">\n\t\t\t\t\t\t<div class=\"elementor-element elementor-element-fec1abf elementor-widget elementor-widget-image\" data-id=\"fec1abf\" data-element_type=\"widget\" data-widget_type=\"image.default\">\n\t\t\t\t<div class=\"elementor-widget-container\">\n\t\t\t\t\t\t\t\t\t\t\t\t\t<img fetchpriority=\"high\" decoding=\"async\" width=\"301\" height=\"270\" src=\"http:\/\/www.thebestscartreatment.com\/french\/wp-content\/uploads\/sites\/3\/2024\/07\/produit-scarfix-its.jpg\" class=\"attachment-large size-large wp-image-20084\" alt=\"\" \/>\t\t\t\t\t\t\t\t\t\t\t\t\t<\/div>\n\t\t\t\t<\/div>\n\t\t\t\t\t<\/div>\n\t\t<\/div>\n\t\t\t\t\t<\/div>\n\t\t<\/section>\n\t\t\t\t<section class=\"elementor-section elementor-top-section elementor-element elementor-element-40cde66 elementor-section-boxed elementor-section-height-default elementor-section-height-default\" data-id=\"40cde66\" data-element_type=\"section\">\n\t\t\t\t\t\t<div class=\"elementor-container elementor-column-gap-default\">\n\t\t\t\t\t<div class=\"elementor-column elementor-col-100 elementor-top-column elementor-element elementor-element-07ff53b\" data-id=\"07ff53b\" data-element_type=\"column\">\n\t\t\t<div class=\"elementor-widget-wrap elementor-element-populated\">\n\t\t\t\t\t\t<div class=\"elementor-element elementor-element-5a5db03 elementor-widget elementor-widget-spacer\" data-id=\"5a5db03\" data-element_type=\"widget\" data-widget_type=\"spacer.default\">\n\t\t\t\t<div class=\"elementor-widget-container\">\n\t\t\t\t\t<div class=\"elementor-spacer\">\n\t\t\t<div class=\"elementor-spacer-inner\"><\/div>\n\t\t<\/div>\n\t\t\t\t<\/div>\n\t\t\t\t<\/div>\n\t\t\t\t<div class=\"elementor-element elementor-element-08f644a elementor-widget elementor-widget-heading\" data-id=\"08f644a\" data-element_type=\"widget\" data-widget_type=\"heading.default\">\n\t\t\t\t<div class=\"elementor-widget-container\">\n\t\t\t<h3 class=\"elementor-heading-title elementor-size-default\">La Solution Scarfix Technologie Innovatrice<\/h3>\t\t<\/div>\n\t\t\t\t<\/div>\n\t\t\t\t<div class=\"elementor-element elementor-element-c6ba4b2 elementor-widget elementor-widget-text-editor\" data-id=\"c6ba4b2\" data-element_type=\"widget\" data-widget_type=\"text-editor.default\">\n\t\t\t\t<div class=\"elementor-widget-container\">\n\t\t\t\t\t\t\t<p>Scarfix I.T.S.<sup>MC<\/sup> est un syst\u00e8me de soins dermo-r\u00e9parateurs con\u00e7us pour att\u00e9nuer progressivement les cicatrices disgracieuses r\u00e9sultant d\u2019op\u00e9rations chirurgicales, de blessures, de br\u00fblures, de retraits de tatouages, de traitements au laser, de dermabrasion, d\u2019acides, de kystes d\u2019acn\u00e9 ou autres. Scarfix I.T.S.<sup>MC<\/sup>\u00a0combat les cicatrices hypertrophi\u00e9es et les ch\u00e9lo\u00efdes.<\/p>\t\t\t\t\t\t<\/div>\n\t\t\t\t<\/div>\n\t\t\t\t<div class=\"elementor-element elementor-element-17b41bb elementor-widget elementor-widget-heading\" data-id=\"17b41bb\" data-element_type=\"widget\" data-widget_type=\"heading.default\">\n\t\t\t\t<div class=\"elementor-widget-container\">\n\t\t\t<h3 class=\"elementor-heading-title elementor-size-default\">Le Syst\u00e8me Scarfix Technologie Innovatrice<\/h3>\t\t<\/div>\n\t\t\t\t<\/div>\n\t\t\t\t<div class=\"elementor-element elementor-element-a64bd8e elementor-widget elementor-widget-text-editor\" data-id=\"a64bd8e\" data-element_type=\"widget\" data-widget_type=\"text-editor.default\">\n\t\t\t\t<div class=\"elementor-widget-container\">\n\t\t\t\t\t\t\t<p>Scarfix I.T.S.<sup>MC<\/sup>, un syst\u00e8me unique constitu\u00e9 de 2 produits, le Gel Scarfix<sup>MC<\/sup> et l\u2019OccluGel Scarfix<sup>MC<\/sup>\u00a0(brevet\u00e9) qui sont con\u00e7us pour agir en compl\u00e9mentarit\u00e9.<\/p>\t\t\t\t\t\t<\/div>\n\t\t\t\t<\/div>\n\t\t\t\t<div class=\"elementor-element elementor-element-76a3118 elementor-widget__width-initial elementor-widget elementor-widget-text-editor\" data-id=\"76a3118\" data-element_type=\"widget\" data-widget_type=\"text-editor.default\">\n\t\t\t\t<div class=\"elementor-widget-container\">\n\t\t\t\t\t\t\t<p class=\"p1\"><strong>LES 2 \u00c9L\u00c9MENTS DU SYST\u00c8ME SCARFIX I.T.S.<sup>MC<\/sup><\/strong><\/p>\t\t\t\t\t\t<\/div>\n\t\t\t\t<\/div>\n\t\t\t\t<div class=\"elementor-element elementor-element-0caeebb elementor-widget elementor-widget-text-editor\" data-id=\"0caeebb\" data-element_type=\"widget\" data-widget_type=\"text-editor.default\">\n\t\t\t\t<div class=\"elementor-widget-container\">\n\t\t\t\t\t\t\t<p><strong>Le Gel Dermo-R\u00e9parateur Scarfix<sup>MC<\/sup> et l\u2019OccluGel Scarfix<sup>MC<\/sup>\u00a0un produit brevet\u00e9 de remplacement sup\u00e9rieur aux feuilles de silicone<\/strong><\/p><p>1)\u00a0<strong>Gel\u00a0<\/strong>\u2013 Le Gel Scarfix<sup>MC<\/sup> diminue graduellement les cicatrices et rehausse l\u2019apparence de la peau. L\u2019application du Gel Scarfix<sup>MC<\/sup> redonne une meilleure \u00e9lasticit\u00e9 \u00e0 la peau et permet \u00e0 la cicatrice d\u2019\u00eatre plus souple. Un soin dermo-r\u00e9parateur qui aide \u00e0 aplanir, \u00e0 adoucir les cicatrices et qui diminue la rougeur ainsi que la d\u00e9coloration de la peau.\u00a0Le Gel Scarfix<sup>MC<\/sup> est \u00e9galement efficace contre la couperose. Le Gel Scarfix<sup>MC<\/sup>\u00a0b\u00e9n\u00e9ficie d\u2019un effet synergique en associant la biotechnologie \u00e0 des extraits v\u00e9g\u00e9taux ainsi qu\u2019\u00e0 des oligo-\u00e9l\u00e9ments.<\/p><p>2)\u00a0<strong>OccluGel<\/strong><sup>MC<\/sup> \u2013 L\u2019OccluGel Scarfix<sup>MC<\/sup>\u00a0est un produit compos\u00e9 essentiellement de Pullulan, un ingr\u00e9dient aux propri\u00e9t\u00e9s\u00a0<strong>occlusives<\/strong>\u00a0exceptionnelles (compar\u00e9 \u00e0 la cellophane, au polyester, au polypropyl\u00e8ne, etc.). Le Pullulan est un polysaccharide naturel innovateur.<\/p><p>En s\u00e9chant, l\u2019OccluGel Scarfix<sup>MC<\/sup>\u00a0cr\u00e9e un excellent film protecteur transparent, tr\u00e8s mince, invisible, qui a des propri\u00e9t\u00e9s adh\u00e9rentes remarquables,\u00a0<strong>hautement imperm\u00e9able \u00e0 l\u2019oxyg\u00e8ne<\/strong>\u00a0et poss\u00e9dant une structure flexible constitu\u00e9e de microfibres\u00a0<strong>pouvant s\u2019adapter \u00e0 toutes les anatomies (formes) de cicatrices<\/strong>. L\u2019OccluGel<sup>MC<\/sup>\u00a0est thermostable, biocompatible, non toxique, non mutag\u00e9nique, sans odeur, soluble \u00e0 l\u2019eau et son film est antistatique.<\/p><p>L\u2019utilisation de l\u2019OccluGel Scarfix<sup>MC<\/sup>\u00a0<strong>avec\u00a0<\/strong>le Gel Scarfix<sup>MC<\/sup>\u00a0permet un\u00a0<strong>meilleur\u00a0<\/strong>processus d\u2019att\u00e9nuation des cicatrices disgracieuses.<\/p>\t\t\t\t\t\t<\/div>\n\t\t\t\t<\/div>\n\t\t\t\t<div class=\"elementor-element elementor-element-7da2160 elementor-widget elementor-widget-spacer\" data-id=\"7da2160\" data-element_type=\"widget\" data-widget_type=\"spacer.default\">\n\t\t\t\t<div class=\"elementor-widget-container\">\n\t\t\t\t\t<div class=\"elementor-spacer\">\n\t\t\t<div class=\"elementor-spacer-inner\"><\/div>\n\t\t<\/div>\n\t\t\t\t<\/div>\n\t\t\t\t<\/div>\n\t\t\t\t<div class=\"elementor-element elementor-element-9b4317d elementor-widget__width-initial elementor-widget elementor-widget-text-editor\" data-id=\"9b4317d\" data-element_type=\"widget\" data-widget_type=\"text-editor.default\">\n\t\t\t\t<div class=\"elementor-widget-container\">\n\t\t\t\t\t\t\t<p class=\"p1\"><strong>MODE D&#8217;EMPLOI<\/strong><\/p>\t\t\t\t\t\t<\/div>\n\t\t\t\t<\/div>\n\t\t\t\t<div class=\"elementor-element elementor-element-8b3eb0d elementor-widget elementor-widget-text-editor\" data-id=\"8b3eb0d\" data-element_type=\"widget\" data-widget_type=\"text-editor.default\">\n\t\t\t\t<div class=\"elementor-widget-container\">\n\t\t\t\t\t\t\t<p>Gel Scarfix<sup>MC<\/sup>\u00a0\u2013 Chaque\u00a0<strong>matin et soir<\/strong>, bien laver la cicatrice avec de l\u2019eau et du savon, puis ass\u00e9cher. Appliquer une mince couche de gel afin de recouvrir enti\u00e8rement la cicatrice, plus un (1) cm tout autour. Faire p\u00e9n\u00e9trer le gel en massant l\u00e9g\u00e8rement. Au besoin, une fois le gel sec, on peut appliquer un protecteur solaire et\/ou du maquillage. Deux applications (matin et soir) minimum par jour. La cicatrice doit \u00eatre recouverte de gel 24 heures sur 24.\u00a0<strong>Les rougeurs dispara\u00eetront avec l\u2019utilisation du Gel Scarfix<sup>MC<\/sup><\/strong>. Au prochain lavage, le gel se dissoudra facilement car il est soluble \u00e0 l\u2019eau.<\/p><p>OccluGel Scarfix<sup>MC<\/sup> \u2013 Chaque soir, apr\u00e8s avoir lav\u00e9, ass\u00e9ch\u00e9 puis appliqu\u00e9 une fine couche de Gel Scarfix<sup>MC<\/sup>\u00a0sur la cicatrice, attendre quelques minutes\u00a0<strong>pour le s\u00e9chage<\/strong>, puis \u00e9tendre tr\u00e8s peu d\u2019OccluGel Scarfix<sup>MC<\/sup> par-dessus la couche de Gel Scarfix<sup>MC<\/sup> et ce, m\u00eame si cette derni\u00e8re est encore un peu humide; le m\u00e9lange des 2 produits n\u2019influe pas le r\u00e9sultat. Le temps n\u00e9cessaire pour obtenir un r\u00e9sultat sec devrait se situer entre 8 et 12 minutes pour les deux (2) produits, tout d\u00e9pendamment du type de peau. Le fait d\u2019exc\u00e9der 15 minutes pour obtenir un produit sec sur la peau est un indicateur d\u2019une trop grande quantit\u00e9 de Gel Scarfix<sup>MC<\/sup> et\/ou d\u2019OccluGel Scarfix<sup>MC<\/sup> utilis\u00e9e.\u00a0L\u2019OccluGel Scarfix<sup>MC<\/sup>\u00a0doit \u00eatre appliqu\u00e9 une fois par jour,\u00a0<strong>le soir seulement<\/strong>, pour procurer une action d\u2019occlusivit\u00e9 dermo-r\u00e9paratrice continue pendant la p\u00e9riode de sommeil. Au prochain lavage, le Gel Scarfix<sup>MC<\/sup> et l\u2019OccluGel Scarfix<sup>MC<\/sup>\u00a0dispara\u00eetront facilement car ils sont solubles \u00e0 l\u2019eau.\u00a0<strong>Note:<\/strong> Commencer l\u2019utilisation de l\u2019OccluGel Scarfix<sup>MC<\/sup>\u00a0<strong>uniquement\u00a0lorsque les rougeurs de la cicatrice seront compl\u00e8tement disparues, plus particuli\u00e8rement dans les cas de br\u00fblures<\/strong>.<\/p><ul><li>Ne jamais appliquer le Gel Scarfix<sup>MC<\/sup> et\/ou l\u2019OccluGel Scarfix<sup>MC<\/sup>\u00a0sur une plaie ouverte ou qui suinte.<\/li><li>Commencer votre traitement le plus rapidement possible et ce, d\u00e8s la cicatrisation, car meilleurs seront les r\u00e9sultats \u00e0 la fin.<\/li><li>Le Gel Scarfix<sup>MC<\/sup> peut \u00eatre utilis\u00e9 seul et est tr\u00e8s efficace! Toutefois la r\u00e9g\u00e9n\u00e9ration du tissu cicatriciel est sup\u00e9rieure lorsque le Gel Scarfix<sup>MC<\/sup> et l\u2019OccluGel Scarfix<sup>MC<\/sup>\u00a0sont utilis\u00e9s ensemble.<\/li><li>L\u2019utilisation\u00a0<strong>quotidienne<\/strong> du syst\u00e8me Scarfix I.T.S.<sup>MC<\/sup>\u00a0est une condition\u00a0<strong>obligatoire<\/strong>\u00a0pour obtenir un r\u00e9sultat optimal.<\/li><\/ul>\t\t\t\t\t\t<\/div>\n\t\t\t\t<\/div>\n\t\t\t\t<div class=\"elementor-element elementor-element-a572ad6 elementor-widget__width-initial elementor-widget elementor-widget-text-editor\" data-id=\"a572ad6\" data-element_type=\"widget\" data-widget_type=\"text-editor.default\">\n\t\t\t\t<div class=\"elementor-widget-container\">\n\t\t\t\t\t\t\t<p>Scarfix I.T.S.<sup>MC<\/sup> est une technologie innovatrice brevet\u00e9e mondialement <strong>(GB1120724.8)<\/strong><\/p>\t\t\t\t\t\t<\/div>\n\t\t\t\t<\/div>\n\t\t\t\t<div class=\"elementor-element elementor-element-6f07708 elementor-widget elementor-widget-spacer\" data-id=\"6f07708\" data-element_type=\"widget\" data-widget_type=\"spacer.default\">\n\t\t\t\t<div class=\"elementor-widget-container\">\n\t\t\t\t\t<div class=\"elementor-spacer\">\n\t\t\t<div class=\"elementor-spacer-inner\"><\/div>\n\t\t<\/div>\n\t\t\t\t<\/div>\n\t\t\t\t<\/div>\n\t\t\t\t<div class=\"elementor-element elementor-element-b69b1cf elementor-widget elementor-widget-heading\" data-id=\"b69b1cf\" data-element_type=\"widget\" data-widget_type=\"heading.default\">\n\t\t\t\t<div class=\"elementor-widget-container\">\n\t\t\t<h3 class=\"elementor-heading-title elementor-size-default\">Scarfix I.T.S, un traitement non invasif, facile \u00e0 utiliser!<\/h3>\t\t<\/div>\n\t\t\t\t<\/div>\n\t\t\t\t<div class=\"elementor-element elementor-element-41c2db3 elementor-widget elementor-widget-text-editor\" data-id=\"41c2db3\" data-element_type=\"widget\" data-widget_type=\"text-editor.default\">\n\t\t\t\t<div class=\"elementor-widget-container\">\n\t\t\t\t\t\t\t<p><strong>L\u2019OccluGel Scarfix<sup>MC<\/sup>\u00a0est un produit de remplacement sup\u00e9rieur aux feuilles de silicone<\/strong>. Plus facile \u00e0 utiliser, il s\u2019adapte \u00e0 toutes les formes de cicatrices, offre une plus grande occlusivit\u00e9 et est plus hygi\u00e9nique.<\/p>\t\t\t\t\t\t<\/div>\n\t\t\t\t<\/div>\n\t\t\t\t<div class=\"elementor-element elementor-element-0b7745f elementor-widget elementor-widget-heading\" data-id=\"0b7745f\" data-element_type=\"widget\" data-widget_type=\"heading.default\">\n\t\t\t\t<div class=\"elementor-widget-container\">\n\t\t\t<h3 class=\"elementor-heading-title elementor-size-default\">L\u2019OccluGel Scarfix versus les feuilles de silicone\n<\/h3>\t\t<\/div>\n\t\t\t\t<\/div>\n\t\t\t\t<div class=\"elementor-element elementor-element-d3aa553 elementor-widget elementor-widget-text-editor\" data-id=\"d3aa553\" data-element_type=\"widget\" data-widget_type=\"text-editor.default\">\n\t\t\t\t<div class=\"elementor-widget-container\">\n\t\t\t\t\t\t\t<ul><li><p>L\u2019utilisation brevet\u00e9e de l\u2019ingr\u00e9dient Pullulan dans l\u2019OccluGel Scarfix<sup>MC<\/sup> permet une occlusivit\u00e9 (imperm\u00e9abilit\u00e9 \u00e0 l\u2019oxyg\u00e8ne) nettement sup\u00e9rieure \u00e0 celle offerte par les feuilles de silicone ou du silicone en gel.<\/p><\/li><li><p>Scarfix I.T.S.<sup>MC<\/sup> utilise une pompe sous vide pour distribuer son OccluGel Scarfix<sup>MC<\/sup> garantissant \u00e0 chaque utilisation, un produit aseptis\u00e9, ce que les feuilles de silicone \u00e0 usages multiples, malgr\u00e9 un nettoyage \u00e0 l\u2019eau et au savon, ne peuvent garantir.<\/p><\/li><li><p>Lors de leurs utilisations r\u00e9p\u00e9t\u00e9es, les feuilles de silicone peuvent se d\u00e9sagr\u00e9ger et requi\u00e8rent une aide pour les tenir en place (ruban m\u00e9dical adh\u00e9sif, v\u00eatement ajust\u00e9, etc.). L\u2019OccluGel Scarfix<sup>MC<\/sup> a des propri\u00e9t\u00e9s adh\u00e9rentes exceptionnelles, de plus il est d\u2019un grand confort et peut facilement recouvrir toutes les formes de cicatrices et ce, quelle que soit sa localisation sur le corps (coude, genou, visage, paupi\u00e8re, etc.). Les feuilles de silicone ne peuvent offrir une telle polyvalence d\u2019application.<\/p><\/li><li><p>Scarfix I.T.S.<sup>MC<\/sup> peut \u00eatre utilis\u00e9 par toutes les personnes ayant une cicatrice, m\u00eame les enfants.<\/p><\/li><li><p>L\u2019utilisation du Gel Scarfix<sup>MC<\/sup> offre le proc\u00e9d\u00e9 le plus esth\u00e9tique et discret qui soit sur le march\u00e9. Une fois appliqu\u00e9 sur la peau et sec, le gel Scarfix<sup>MC<\/sup> permet l\u2019utilisation de protecteur solaire et\/ou de maquillage sans aucun probl\u00e8me.<\/p><\/li><\/ul>\t\t\t\t\t\t<\/div>\n\t\t\t\t<\/div>\n\t\t\t\t<div class=\"elementor-element elementor-element-529d851 elementor-widget__width-initial elementor-widget elementor-widget-text-editor\" data-id=\"529d851\" data-element_type=\"widget\" data-widget_type=\"text-editor.default\">\n\t\t\t\t<div class=\"elementor-widget-container\">\n\t\t\t\t\t\t\t<p class=\"p1\">DUR\u00c9E DU TRAITEMENT<\/p>\t\t\t\t\t\t<\/div>\n\t\t\t\t<\/div>\n\t\t\t\t<div class=\"elementor-element elementor-element-2d801d5 elementor-widget elementor-widget-text-editor\" data-id=\"2d801d5\" data-element_type=\"widget\" data-widget_type=\"text-editor.default\">\n\t\t\t\t<div class=\"elementor-widget-container\">\n\t\t\t\t\t\t\t<p>Le syst\u00e8me Scarfix I.T.S.<sup>MC<\/sup>\u00a0permet une am\u00e9lioration de l\u2019apparence des cicatrices qui peut \u00eatre observ\u00e9e apr\u00e8s une p\u00e9riode de 2 \u00e0 8 semaines! Toutes les cicatrices peuvent \u00eatre trait\u00e9es peu importe l\u2019\u00e2ge de ces derni\u00e8res; toutefois, plus une cicatrice est \u00e2g\u00e9e (20 \u00e0 30 ans), plus long sera le traitement. La dur\u00e9e du traitement varie d\u2019une personne \u00e0 l\u2019autre. L\u2019\u00e2ge de la cicatrice, celui de la personne, le type de peau et d\u2019autres facteurs peuvent influencer la dur\u00e9e du traitement. Il est recommand\u00e9 de faire le traitement \u00e0 tous les jours.<\/p><p><strong>AVERTISSEMENT<\/strong><br \/>Ne jamais appliquer le Gel Scarfix<sup>MC<\/sup> et\/ou l\u2019OccluGel Scarfix<sup>MC<\/sup> sur une plaie ouverte ou qui suinte. Certaines personnes peuvent d\u00e9velopper une irritation de la peau \u00e0 la suite de l\u2019utilisation du gel Scarfix<sup>MC<\/sup> et\/ou de l\u2019OccluGel Scarfix<sup>MC<\/sup>. Si c\u2019est le cas, cessez imm\u00e9diatement l\u2019utilisation de ces produits et ce, pendant 2 \u00e0 3 jours. Recommencez le traitement et, si l\u2019irritation persiste, consultez un m\u00e9decin. Pour usage externe seulement. Garder hors de la port\u00e9e des enfants.<\/p>\t\t\t\t\t\t<\/div>\n\t\t\t\t<\/div>\n\t\t\t\t<div class=\"elementor-element elementor-element-7f00220 elementor-widget elementor-widget-button\" data-id=\"7f00220\" data-element_type=\"widget\" data-widget_type=\"button.default\">\n\t\t\t\t<div class=\"elementor-widget-container\">\n\t\t\t\t\t<div class=\"elementor-button-wrapper\">\n\t\t\t<a class=\"elementor-button elementor-button-link elementor-size-sm\" href=\"http:\/\/www.thebestscartreatment.com\/french\/shop\/\">\n\t\t\t\t\t\t<span class=\"elementor-button-content-wrapper\">\n\t\t\t\t\t\t<span class=\"elementor-button-icon\">\n\t\t\t\t<i aria-hidden=\"true\" class=\"fas fa-shopping-basket\"><\/i>\t\t\t<\/span>\n\t\t\t\t\t\t\t\t\t<span class=\"elementor-button-text\">Achetez Scarfix I.T.S.\u200b<\/span>\n\t\t\t\t\t<\/span>\n\t\t\t\t\t<\/a>\n\t\t<\/div>\n\t\t\t\t<\/div>\n\t\t\t\t<\/div>\n\t\t\t\t\t<\/div>\n\t\t<\/div>\n\t\t\t\t\t<\/div>\n\t\t<\/section>\n\t\t\t\t<\/div>\n\t\t","protected":false},"excerpt":{"rendered":"<p>Le syst\u00e8me ScarFix I.T.S SYST\u00c8ME SCARFIX TECHNOLOGIE INNOVATRICELA SOLUTION INNOVATRICE POUR ATT\u00c9NUER LES CICATRICESSANS SILICONE ET BREVET\u00c9E MONDIALEMENT La solution id\u00e9ale pour att\u00e9nuer les cicatrices disgracieuses. Un syst\u00e8me unique constitu\u00e9 de 2 produits, le\u00a0Gel Dermo-R\u00e9parateur ScarfixMC\u00a0et l\u2019OccluGel ScarfixMC. Une alternative\u00a0brevet\u00e9e\u00a0de remplacement\u00a0sup\u00e9rieure aux feuilles de silicone. Recommand\u00e9 par les chirurgiens et les dermatologues. R\u00e9sultats visibles apr\u00e8s [&hellip;]<\/p>\n","protected":false},"author":1,"featured_media":0,"parent":0,"menu_order":0,"comment_status":"closed","ping_status":"closed","template":"","meta":{"footnotes":""},"class_list":["post-20082","page","type-page","status-publish","hentry"],"_links":{"self":[{"href":"http:\/\/www.thebestscartreatment.com\/french\/wp-json\/wp\/v2\/pages\/20082"}],"collection":[{"href":"http:\/\/www.thebestscartreatment.com\/french\/wp-json\/wp\/v2\/pages"}],"about":[{"href":"http:\/\/www.thebestscartreatment.com\/french\/wp-json\/wp\/v2\/types\/page"}],"author":[{"embeddable":true,"href":"http:\/\/www.thebestscartreatment.com\/french\/wp-json\/wp\/v2\/users\/1"}],"replies":[{"embeddable":true,"href":"http:\/\/www.thebestscartreatment.com\/french\/wp-json\/wp\/v2\/comments?post=20082"}],"version-history":[{"count":7,"href":"http:\/\/www.thebestscartreatment.com\/french\/wp-json\/wp\/v2\/pages\/20082\/revisions"}],"predecessor-version":[{"id":20107,"href":"http:\/\/www.thebestscartreatment.com\/french\/wp-json\/wp\/v2\/pages\/20082\/revisions\/20107"}],"wp:attachment":[{"href":"http:\/\/www.thebestscartreatment.com\/french\/wp-json\/wp\/v2\/media?parent=20082"}],"curies":[{"name":"wp","href":"https:\/\/api.w.org\/{rel}","templated":true}]}}