{"id":20103,"date":"2024-08-06T21:08:47","date_gmt":"2024-08-06T21:08:47","guid":{"rendered":"http:\/\/www.thebestscartreatment.com\/french\/?page_id=20103"},"modified":"2024-08-06T22:06:03","modified_gmt":"2024-08-06T22:06:03","slug":"volubreast","status":"publish","type":"page","link":"http:\/\/www.thebestscartreatment.com\/french\/volubreast\/","title":{"rendered":"VoluBreast"},"content":{"rendered":"\t\t<div data-elementor-type=\"wp-page\" data-elementor-id=\"20103\" class=\"elementor elementor-20103\" data-elementor-post-type=\"page\">\n\t\t\t\t\t\t<section class=\"elementor-section elementor-top-section elementor-element elementor-element-8f944ed elementor-section-boxed elementor-section-height-default elementor-section-height-default\" data-id=\"8f944ed\" data-element_type=\"section\" data-settings=\"{&quot;background_background&quot;:&quot;classic&quot;}\">\n\t\t\t\t\t\t<div class=\"elementor-container elementor-column-gap-default\">\n\t\t\t\t\t<div class=\"elementor-column elementor-col-50 elementor-top-column elementor-element elementor-element-b95cb91\" data-id=\"b95cb91\" data-element_type=\"column\">\n\t\t\t<div class=\"elementor-widget-wrap elementor-element-populated\">\n\t\t\t\t\t\t<div class=\"elementor-element elementor-element-dc78ddd elementor-widget elementor-widget-heading\" data-id=\"dc78ddd\" data-element_type=\"widget\" data-widget_type=\"heading.default\">\n\t\t\t\t<div class=\"elementor-widget-container\">\n\t\t\t<h1 class=\"elementor-heading-title elementor-size-xl\">VoluBreast<\/h1>\t\t<\/div>\n\t\t\t\t<\/div>\n\t\t\t\t<div class=\"elementor-element elementor-element-fdf1413 elementor-widget elementor-widget-text-editor\" data-id=\"fdf1413\" data-element_type=\"widget\" data-widget_type=\"text-editor.default\">\n\t\t\t\t<div class=\"elementor-widget-container\">\n\t\t\t\t\t\t\t<p>Soin du buste \u2013 seins, d\u00e9collet\u00e9 et cou<br \/>Un produit volumateur, raffermissant et tenseur pour la peau du buste<\/p>\t\t\t\t\t\t<\/div>\n\t\t\t\t<\/div>\n\t\t\t\t<div class=\"elementor-element elementor-element-d6fa45e elementor-widget elementor-widget-text-editor\" data-id=\"d6fa45e\" data-element_type=\"widget\" data-widget_type=\"text-editor.default\">\n\t\t\t\t<div class=\"elementor-widget-container\">\n\t\t\t\t\t\t\t<p>La poitrine d\u2019une femme est le symbole par excellence de sa f\u00e9minit\u00e9. Voil\u00e0 pourquoi les seins, le d\u00e9collet\u00e9 et le cou, qui sont des zones fragiles, doivent faire l\u2019objet de soins pr\u00e9coces et sp\u00e9cifiques. VoluBreast<sup>MC<\/sup> est sp\u00e9cialement formul\u00e9 pour ces parties du corps!<\/p>\t\t\t\t\t\t<\/div>\n\t\t\t\t<\/div>\n\t\t\t\t\t<\/div>\n\t\t<\/div>\n\t\t\t\t<div class=\"elementor-column elementor-col-50 elementor-top-column elementor-element elementor-element-7f635ca\" data-id=\"7f635ca\" data-element_type=\"column\">\n\t\t\t<div class=\"elementor-widget-wrap elementor-element-populated\">\n\t\t\t\t\t\t<div class=\"elementor-element elementor-element-1b8c076 elementor-widget elementor-widget-image\" data-id=\"1b8c076\" data-element_type=\"widget\" data-widget_type=\"image.default\">\n\t\t\t\t<div class=\"elementor-widget-container\">\n\t\t\t\t\t\t\t\t\t\t\t\t\t<img fetchpriority=\"high\" decoding=\"async\" width=\"292\" height=\"235\" src=\"http:\/\/www.thebestscartreatment.com\/french\/wp-content\/uploads\/sites\/3\/2024\/08\/volubreast_boite.gif\" class=\"attachment-large size-large wp-image-20108\" alt=\"\" \/>\t\t\t\t\t\t\t\t\t\t\t\t\t<\/div>\n\t\t\t\t<\/div>\n\t\t\t\t\t<\/div>\n\t\t<\/div>\n\t\t\t\t\t<\/div>\n\t\t<\/section>\n\t\t\t\t<section class=\"elementor-section elementor-top-section elementor-element elementor-element-3ad6c18 elementor-section-boxed elementor-section-height-default elementor-section-height-default\" data-id=\"3ad6c18\" data-element_type=\"section\">\n\t\t\t\t\t\t<div class=\"elementor-container elementor-column-gap-default\">\n\t\t\t\t\t<div class=\"elementor-column elementor-col-100 elementor-top-column elementor-element elementor-element-e237487\" data-id=\"e237487\" data-element_type=\"column\">\n\t\t\t<div class=\"elementor-widget-wrap elementor-element-populated\">\n\t\t\t\t\t\t<div class=\"elementor-element elementor-element-26f1bdf elementor-widget elementor-widget-spacer\" data-id=\"26f1bdf\" data-element_type=\"widget\" data-widget_type=\"spacer.default\">\n\t\t\t\t<div class=\"elementor-widget-container\">\n\t\t\t\t\t<div class=\"elementor-spacer\">\n\t\t\t<div class=\"elementor-spacer-inner\"><\/div>\n\t\t<\/div>\n\t\t\t\t<\/div>\n\t\t\t\t<\/div>\n\t\t\t\t<div class=\"elementor-element elementor-element-e623644 elementor-widget elementor-widget-heading\" data-id=\"e623644\" data-element_type=\"widget\" data-widget_type=\"heading.default\">\n\t\t\t\t<div class=\"elementor-widget-container\">\n\t\t\t<h3 class=\"elementor-heading-title elementor-size-default\">\u00c0 qui s\u2019adresse VoluBreast?\n<\/h3>\t\t<\/div>\n\t\t\t\t<\/div>\n\t\t\t\t<div class=\"elementor-element elementor-element-a7a084c elementor-widget elementor-widget-text-editor\" data-id=\"a7a084c\" data-element_type=\"widget\" data-widget_type=\"text-editor.default\">\n\t\t\t\t<div class=\"elementor-widget-container\">\n\t\t\t\t\t\t\t<ul><li><p>Aux jeunes femmes qui ont subi un gain de poids ou une perte de poids, ou qui ont eu une grossesse, car la fermet\u00e9 cutan\u00e9e en est alors affect\u00e9e. En effet, quand la peau perd une partie de ses lipides, il en r\u00e9sulte une perte de volume, d\u2019\u00e9lasticit\u00e9 et un rel\u00e2chement cutan\u00e9.<\/p><\/li><li><p>Aux femmes de 35 ans et plus car, avec l\u2019\u00e2ge, la peau contient moins de lipides et devient plus mince, laissant transpara\u00eetre plus facilement les marques du temps: la peau du cou devient plus fine et s\u2019affaisse, celle du d\u00e9collet\u00e9 plisse, les seins perdent de leur fermet\u00e9 et deviennent flasques souvent avec des vergetures. Utiliser VoluBreast<sup>MC<\/sup> pour combattre le rel\u00e2chement cutan\u00e9 et la pt\u00f4se mammaire (seins tombants) dus entre autres \u00e0 l&#8217;\u00e9tirement et au vieillissement de la peau.<\/p><\/li><li><p>\u00c0 toutes les femmes qui ont subi une intervention chirurgicale d\u2019ordre esth\u00e9tique concernant les seins, le d\u00e9collet\u00e9 ou le cou et qui veulent en conserver les bienfaits. VoluBreast<sup>MC<\/sup> contribuera \u00e0 conserver le volume des seins, raffermir la peau et en am\u00e9liorer l\u2019\u00e9lasticit\u00e9.<\/p><\/li><\/ul>\t\t\t\t\t\t<\/div>\n\t\t\t\t<\/div>\n\t\t\t\t<div class=\"elementor-element elementor-element-182886b elementor-widget elementor-widget-text-editor\" data-id=\"182886b\" data-element_type=\"widget\" data-widget_type=\"text-editor.default\">\n\t\t\t\t<div class=\"elementor-widget-container\">\n\t\t\t\t\t\t\t<p>VoluBreast<sup>MC<\/sup> convient \u00e0 toutes ces femmes! L\u2019utilisation quotidienne de VoluBreast<sup>MC<\/sup>\u00a0comme soin raffermissant, tenseur et volumateur pour la peau du buste aide \u00e0 prolonger ou \u00e0 redonner beaut\u00e9 et jeunesse \u00e0 ces grands n\u00e9glig\u00e9s de l\u2019esth\u00e9tique que sont les seins, le d\u00e9collet\u00e9 et le cou. C\u2019est aussi un puissant anti-vergetures et antioxydant.<\/p>\t\t\t\t\t\t<\/div>\n\t\t\t\t<\/div>\n\t\t\t\t<div class=\"elementor-element elementor-element-0262197 elementor-widget elementor-widget-heading\" data-id=\"0262197\" data-element_type=\"widget\" data-widget_type=\"heading.default\">\n\t\t\t\t<div class=\"elementor-widget-container\">\n\t\t\t<h3 class=\"elementor-heading-title elementor-size-default\">VOLUBREAST EN 3 ACTIONS\n<\/h3>\t\t<\/div>\n\t\t\t\t<\/div>\n\t\t\t\t<div class=\"elementor-element elementor-element-5b39688 elementor-widget__width-initial elementor-widget elementor-widget-text-editor\" data-id=\"5b39688\" data-element_type=\"widget\" data-widget_type=\"text-editor.default\">\n\t\t\t\t<div class=\"elementor-widget-container\">\n\t\t\t\t\t\t\t<p class=\"p1\"><strong>1) Effet volumateur = Des seins encore plus beaux<\/strong><\/p>\t\t\t\t\t\t<\/div>\n\t\t\t\t<\/div>\n\t\t\t\t<div class=\"elementor-element elementor-element-6fd75e6 elementor-widget elementor-widget-text-editor\" data-id=\"6fd75e6\" data-element_type=\"widget\" data-widget_type=\"text-editor.default\">\n\t\t\t\t<div class=\"elementor-widget-container\">\n\t\t\t\t\t\t\t<p>VoluBreast<sup>MC<\/sup> aide \u00e0 maximiser l\u2019apparence de vos seins en favorisant le stockage naturel de lipides dans la peau des seins. Cette action de lipo-remplissage cr\u00e9e un volume cutan\u00e9 qui peut s\u2019accro\u00eetre, en moyenne, de 8,4% (voir tests ci-dessous). Vos seins para\u00eetront plus pleins, plus ronds et jeunes. AVEC VOLUBREAST<sup>MC<\/sup>, VOUS SENTIREZ LA DIFF\u00c9RENCE DANS VOTRE SOUTIEN-GORGE!<\/p><p class=\"p1\">TESTS D&#8217;EFFICACIT\u00c9*<\/p><table border=\"0\" width=\"300\" cellspacing=\"2\" cellpadding=\"0\"><tbody><tr><td width=\"235\"><strong class=\"articleemphaze\">Augmentation moyenne apr\u00e8s 56 jours<\/strong><\/td><td width=\"65\"><strong class=\"articleemphaze\">+ 8,4 %<\/strong><\/td><\/tr><\/tbody><\/table><p><span class=\"petit\">*Tests d\u2019efficacit\u00e9 en clinique effectu\u00e9s sur 30 femmes \/ avec une application deux fois par jour \/ pendant 56 jours \/ le volume de la zone sup\u00e9rieure de la poitrine est \u00e9valu\u00e9 par la technique de FOITS. S.R. Produits Innovateurs Inc. utilise, entre autres ingr\u00e9dients (plus de vingt), le Volufiline<sup>MC<\/sup> de Sederma<sup>MC<\/sup>, un ingr\u00e9dient brevet\u00e9 dans la fabrication de son produit VoluBreast<sup>MC<\/sup>.<\/span><\/p>\t\t\t\t\t\t<\/div>\n\t\t\t\t<\/div>\n\t\t\t\t<div class=\"elementor-element elementor-element-5042dec elementor-widget__width-initial elementor-widget elementor-widget-text-editor\" data-id=\"5042dec\" data-element_type=\"widget\" data-widget_type=\"text-editor.default\">\n\t\t\t\t<div class=\"elementor-widget-container\">\n\t\t\t\t\t\t\t<p class=\"p1\"><strong>2) Effet tenseur = raffermissant pour la peau du buste et tenseur pour am\u00e9liorer le soutien des seins<\/strong><\/p>\t\t\t\t\t\t<\/div>\n\t\t\t\t<\/div>\n\t\t\t\t<div class=\"elementor-element elementor-element-8f156b6 elementor-widget elementor-widget-text-editor\" data-id=\"8f156b6\" data-element_type=\"widget\" data-widget_type=\"text-editor.default\">\n\t\t\t\t<div class=\"elementor-widget-container\">\n\t\t\t\t\t\t\t<p>Utilisez VoluBreast<sup>MC<\/sup> pour raffermir la peau de la poitrine et en augmenter l\u2019\u00e9lasticit\u00e9. Progressivement, les marques de rel\u00e2chement cutan\u00e9 s\u2019estompent. Par son effet tenseur, VoluBreast<sup>MC<\/sup>\u00a0agit pour retendre la\u00a0<strong>peau des seins<\/strong>, de la poitrine et la\u00a0<strong>peau du cou<\/strong>. VoluBreast<sup>MC<\/sup>\u00a0vous permettra d&#8217;avoir des\u00a0<strong>seins plus fermes<\/strong>\u00a0(voir tests ci-dessous)! L\u2019augmentation du tonus des tissus dermiques du d\u00e9collet\u00e9 procure un meilleur soutien des seins tout en leur donnant un PLUS BEAU GALBE. La peau du cou et du buste est redensifi\u00e9e et affiche une FERMET\u00c9 VISIBLE.<\/p><p class=\"p1\">EFFECTIVENESS TESTS*<\/p><table border=\"0\" width=\"399\" cellspacing=\"2\" cellpadding=\"0\"><tbody><tr><td width=\"116\">\u00a0<\/td><td width=\"108\"><strong class=\"articleemphaze\">Relipidium 2%\u00a0<\/strong><\/td><td width=\"230\"><strong class=\"articleemphaze\">Cocktail d\u2019acides amin\u00e9s 2%\u00a0<\/strong><\/td><\/tr><tr><td class=\"articleemphaze\">Lipides totaux<\/td><td><strong class=\"articleemphaze\">+ 49,8 %<\/strong><\/td><td><strong class=\"articleemphaze\">&#8211; 31,5 %<\/strong><\/td><\/tr><\/tbody><\/table><p><span class=\"petit\">*Les r\u00e9sultats pr\u00e9sent\u00e9s montrent que Relipidium<sup>MC<\/sup> \u00e0 2% est capable de moduler de mani\u00e8re significative les synth\u00e8ses lipidiques d\u2019\u00e9pidermes reconstruits et non le cocktail d\u2019acides amin\u00e9s \u00e0 2%. S.R. Produits Innovateurs Inc. utilise, entre autres ingr\u00e9dients (plus de vingt), le Relipidium<sup>MC<\/sup> de BASF<sup>MC<\/sup>, un ingr\u00e9dient brevet\u00e9 dans la fabrication de son produit VoluBreast<sup>MC<\/sup>.<\/span><\/p>\t\t\t\t\t\t<\/div>\n\t\t\t\t<\/div>\n\t\t\t\t<div class=\"elementor-element elementor-element-5f9a790 elementor-widget__width-initial elementor-widget elementor-widget-text-editor\" data-id=\"5f9a790\" data-element_type=\"widget\" data-widget_type=\"text-editor.default\">\n\t\t\t\t<div class=\"elementor-widget-container\">\n\t\t\t\t\t\t\t<p class=\"p1\"><strong>3) Corrige les vergetures et rehausse l\u2019apparence de la peau<\/strong><\/p>\t\t\t\t\t\t<\/div>\n\t\t\t\t<\/div>\n\t\t\t\t<div class=\"elementor-element elementor-element-dde96e1 elementor-widget elementor-widget-text-editor\" data-id=\"dde96e1\" data-element_type=\"widget\" data-widget_type=\"text-editor.default\">\n\t\t\t\t<div class=\"elementor-widget-container\">\n\t\t\t\t\t\t\t<p>Les signes du vieillissement apparaissent non seulement sur le visage, mais aussi sur les seins, le d\u00e9collet\u00e9 et le cou. VoluBreast<sup>MC<\/sup>\u00a0poss\u00e8de un ingr\u00e9dient actif brevet\u00e9 qui pr\u00e9sente une efficacit\u00e9\u00a0<strong>anti-vergetures remarquable<\/strong>. Les vergetures sur les seins s\u2019att\u00e9nuent progressivement avec une application r\u00e9p\u00e9t\u00e9e de VoluBreast<sup>MC<\/sup>\u00a0(voir tests ci-dessous). VOUS VERREZ VOTRE PEAU DEVENIR PLUS LISSE, PLUS DOUCE ET D\u2019APPARENCE PLUS JEUNE. Votre \u00e9piderme retrouvera donc sa souplesse et son \u00e9clat. De plus, par sa teneur \u00e9lev\u00e9e en\u00a0<span class=\"articleemphaze\">antioxydants<\/span>, VoluBreast<sup>MC<\/sup>\u00a0aide \u00e0 combattre les signes du vieillissement.<\/p><p class=\"p1\">EFFICACIT\u00c9 ANTI-VERGETURES PROUV\u00c9E* (Apr\u00e8s 2 mois d\u2019utilisation)<\/p><table border=\"0\" width=\"300\" cellspacing=\"2\" cellpadding=\"0\"><tbody><tr><td width=\"235\"><strong class=\"articleemphaze\">Att\u00e9nuation de la d\u00e9pression des vergetures<\/strong><\/td><td width=\"65\"><strong class=\"articleemphaze\">&#8211; 72,5%<\/strong><\/td><\/tr><\/tbody><\/table><p class=\"petit\">*Tests d\u2019efficacit\u00e9 en clinique effectu\u00e9s sur 13 femmes.<br \/>R\u00e9sultats : caract\u00e9risation des vergetures par \u00e9chographie et \u00e9valuation par un dermatologue. S.R. Produits Innovateurs Inc. utilise, entre autres ingr\u00e9dients (plus de vingt), le Registril<sup>MC<\/sup> de Sederma<sup>MC<\/sup>, un ingr\u00e9dient brevet\u00e9 dans la fabrication de son produit VoluBreast<sup>MC<\/sup>.<\/p>\t\t\t\t\t\t<\/div>\n\t\t\t\t<\/div>\n\t\t\t\t<div class=\"elementor-element elementor-element-5c2849b elementor-widget elementor-widget-spacer\" data-id=\"5c2849b\" data-element_type=\"widget\" data-widget_type=\"spacer.default\">\n\t\t\t\t<div class=\"elementor-widget-container\">\n\t\t\t\t\t<div class=\"elementor-spacer\">\n\t\t\t<div class=\"elementor-spacer-inner\"><\/div>\n\t\t<\/div>\n\t\t\t\t<\/div>\n\t\t\t\t<\/div>\n\t\t\t\t\t<\/div>\n\t\t<\/div>\n\t\t\t\t\t<\/div>\n\t\t<\/section>\n\t\t\t\t<section class=\"elementor-section elementor-top-section elementor-element elementor-element-9a818f1 elementor-section-boxed elementor-section-height-default elementor-section-height-default\" data-id=\"9a818f1\" data-element_type=\"section\">\n\t\t\t\t\t\t<div class=\"elementor-container elementor-column-gap-default\">\n\t\t\t\t\t<div class=\"elementor-column elementor-col-100 elementor-top-column elementor-element elementor-element-335657c\" data-id=\"335657c\" data-element_type=\"column\">\n\t\t\t<div class=\"elementor-widget-wrap elementor-element-populated\">\n\t\t\t\t\t\t<div class=\"elementor-element elementor-element-7841b5a elementor-widget__width-initial elementor-widget elementor-widget-text-editor\" data-id=\"7841b5a\" data-element_type=\"widget\" data-widget_type=\"text-editor.default\">\n\t\t\t\t<div class=\"elementor-widget-container\">\n\t\t\t\t\t\t\t<p class=\"p1\"><strong>CONSEILS D\u2019UTILISATION<\/strong><\/p>\t\t\t\t\t\t<\/div>\n\t\t\t\t<\/div>\n\t\t\t\t\t<\/div>\n\t\t<\/div>\n\t\t\t\t\t<\/div>\n\t\t<\/section>\n\t\t\t\t<section class=\"elementor-section elementor-top-section elementor-element elementor-element-a1e44a8 elementor-section-boxed elementor-section-height-default elementor-section-height-default\" data-id=\"a1e44a8\" data-element_type=\"section\">\n\t\t\t\t\t\t<div class=\"elementor-container elementor-column-gap-default\">\n\t\t\t\t\t<div class=\"elementor-column elementor-col-50 elementor-top-column elementor-element elementor-element-4d1532e\" data-id=\"4d1532e\" data-element_type=\"column\">\n\t\t\t<div class=\"elementor-widget-wrap elementor-element-populated\">\n\t\t\t\t\t\t<div class=\"elementor-element elementor-element-21ec439 elementor-widget__width-initial elementor-widget elementor-widget-image\" data-id=\"21ec439\" data-element_type=\"widget\" data-widget_type=\"image.default\">\n\t\t\t\t<div class=\"elementor-widget-container\">\n\t\t\t\t\t\t\t\t\t\t\t\t\t<img decoding=\"async\" width=\"185\" height=\"316\" src=\"http:\/\/www.thebestscartreatment.com\/french\/wp-content\/uploads\/sites\/3\/2024\/08\/volubreast_en.jpg\" class=\"attachment-large size-large wp-image-20109\" alt=\"\" \/>\t\t\t\t\t\t\t\t\t\t\t\t\t<\/div>\n\t\t\t\t<\/div>\n\t\t\t\t\t<\/div>\n\t\t<\/div>\n\t\t\t\t<div class=\"elementor-column elementor-col-50 elementor-top-column elementor-element elementor-element-7000923\" data-id=\"7000923\" data-element_type=\"column\">\n\t\t\t<div class=\"elementor-widget-wrap elementor-element-populated\">\n\t\t\t\t\t\t<div class=\"elementor-element elementor-element-b7b4e1c elementor-widget__width-initial elementor-widget elementor-widget-text-editor\" data-id=\"b7b4e1c\" data-element_type=\"widget\" data-widget_type=\"text-editor.default\">\n\t\t\t\t<div class=\"elementor-widget-container\">\n\t\t\t\t\t\t\t<p>Bien agiter avant d\u2019utiliser le produit. Sur une peau parfaitement propre, vaporiser g\u00e9n\u00e9reusement sur les seins, le d\u00e9collet\u00e9 et le cou, matin et soir. Faire p\u00e9n\u00e9trer en massant d\u00e9licatement avec les mains, de la base des seins vers le haut, en passant par la poitrine et ce, jusqu\u2019au menton.<br \/><br \/>VoluBreast<sup>MC<\/sup> peut am\u00e9liorer visiblement l\u2019apparence des seins, du d\u00e9collet\u00e9 et du cou en 8 semaines. Sa texture l\u00e9g\u00e8re, fluide et non grasse est tr\u00e8s confortable. \u00c0 utiliser tous les jours \u00e0 titre pr\u00e9ventif et\/ou curatif. Les principes actifs de VoluBreast<sup>MC<\/sup>\u00a0n\u2019agissent que sur les tissus adipeux de la peau. La formule n\u2019a aucun effet hormonal. Peut \u00eatre utilis\u00e9 pendant les r\u00e8gles et apr\u00e8s la m\u00e9nopause.<br \/><br \/><strong>MISE EN GARDE:<\/strong> Ne pas utiliser VoluBreast<sup>MC<\/sup>\u00a0lors de la grossesse et de l\u2019allaitement. Ne pas vaporiser dans les yeux. Pour usage externe seulement. Cesser d\u2019utiliser en cas d\u2019irritation ou d\u2019\u00e9ruption cutan\u00e9e. Garder hors de la port\u00e9e des enfants.<\/p><p>\u00a0<\/p>\t\t\t\t\t\t<\/div>\n\t\t\t\t<\/div>\n\t\t\t\t\t<\/div>\n\t\t<\/div>\n\t\t\t\t\t<\/div>\n\t\t<\/section>\n\t\t\t\t<section class=\"elementor-section elementor-top-section elementor-element elementor-element-2dd065a elementor-section-boxed elementor-section-height-default elementor-section-height-default\" data-id=\"2dd065a\" data-element_type=\"section\">\n\t\t\t\t\t\t<div class=\"elementor-container elementor-column-gap-default\">\n\t\t\t\t\t<div class=\"elementor-column elementor-col-100 elementor-top-column elementor-element elementor-element-86602ec\" data-id=\"86602ec\" data-element_type=\"column\">\n\t\t\t<div class=\"elementor-widget-wrap elementor-element-populated\">\n\t\t\t\t\t\t<div class=\"elementor-element elementor-element-07217d5 elementor-widget elementor-widget-button\" data-id=\"07217d5\" data-element_type=\"widget\" data-widget_type=\"button.default\">\n\t\t\t\t<div class=\"elementor-widget-container\">\n\t\t\t\t\t<div class=\"elementor-button-wrapper\">\n\t\t\t<a class=\"elementor-button elementor-button-link elementor-size-sm\" href=\"http:\/\/www.thebestscartreatment.com\/french\/shop\/\">\n\t\t\t\t\t\t<span class=\"elementor-button-content-wrapper\">\n\t\t\t\t\t\t<span class=\"elementor-button-icon\">\n\t\t\t\t<i aria-hidden=\"true\" class=\"fas fa-shopping-basket\"><\/i>\t\t\t<\/span>\n\t\t\t\t\t\t\t\t\t<span class=\"elementor-button-text\">Achetez VoluBreast<\/span>\n\t\t\t\t\t<\/span>\n\t\t\t\t\t<\/a>\n\t\t<\/div>\n\t\t\t\t<\/div>\n\t\t\t\t<\/div>\n\t\t\t\t\t<\/div>\n\t\t<\/div>\n\t\t\t\t\t<\/div>\n\t\t<\/section>\n\t\t\t\t<\/div>\n\t\t","protected":false},"excerpt":{"rendered":"<p>VoluBreast Soin du buste \u2013 seins, d\u00e9collet\u00e9 et couUn produit volumateur, raffermissant et tenseur pour la peau du buste La poitrine d\u2019une femme est le symbole par excellence de sa f\u00e9minit\u00e9. Voil\u00e0 pourquoi les seins, le d\u00e9collet\u00e9 et le cou, qui sont des zones fragiles, doivent faire l\u2019objet de soins pr\u00e9coces et sp\u00e9cifiques. VoluBreastMC est [&hellip;]<\/p>\n","protected":false},"author":1,"featured_media":0,"parent":0,"menu_order":0,"comment_status":"closed","ping_status":"closed","template":"","meta":{"footnotes":""},"class_list":["post-20103","page","type-page","status-publish","hentry"],"_links":{"self":[{"href":"http:\/\/www.thebestscartreatment.com\/french\/wp-json\/wp\/v2\/pages\/20103"}],"collection":[{"href":"http:\/\/www.thebestscartreatment.com\/french\/wp-json\/wp\/v2\/pages"}],"about":[{"href":"http:\/\/www.thebestscartreatment.com\/french\/wp-json\/wp\/v2\/types\/page"}],"author":[{"embeddable":true,"href":"http:\/\/www.thebestscartreatment.com\/french\/wp-json\/wp\/v2\/users\/1"}],"replies":[{"embeddable":true,"href":"http:\/\/www.thebestscartreatment.com\/french\/wp-json\/wp\/v2\/comments?post=20103"}],"version-history":[{"count":7,"href":"http:\/\/www.thebestscartreatment.com\/french\/wp-json\/wp\/v2\/pages\/20103\/revisions"}],"predecessor-version":[{"id":20135,"href":"http:\/\/www.thebestscartreatment.com\/french\/wp-json\/wp\/v2\/pages\/20103\/revisions\/20135"}],"wp:attachment":[{"href":"http:\/\/www.thebestscartreatment.com\/french\/wp-json\/wp\/v2\/media?parent=20103"}],"curies":[{"name":"wp","href":"https:\/\/api.w.org\/{rel}","templated":true}]}}