{"id":9095,"date":"2020-01-13T06:50:18","date_gmt":"2020-01-13T06:50:18","guid":{"rendered":"https:\/\/wpbingosite.com\/wordpress\/cerla\/?page_id=9095"},"modified":"2024-12-02T19:34:05","modified_gmt":"2024-12-02T19:34:05","slug":"about-us","status":"publish","type":"page","link":"http:\/\/www.thebestscartreatment.com\/french\/about-us\/","title":{"rendered":"About Us"},"content":{"rendered":"\t\t<div data-elementor-type=\"wp-page\" data-elementor-id=\"9095\" class=\"elementor elementor-9095\" data-elementor-post-type=\"page\">\n\t\t\t\t\t\t<section class=\"elementor-section elementor-top-section elementor-element elementor-element-7d9800a elementor-section-boxed elementor-section-height-default elementor-section-height-default\" data-id=\"7d9800a\" data-element_type=\"section\" data-settings=\"{&quot;background_background&quot;:&quot;classic&quot;}\">\n\t\t\t\t\t\t<div class=\"elementor-container elementor-column-gap-default\">\n\t\t\t\t\t<div class=\"elementor-column elementor-col-50 elementor-top-column elementor-element elementor-element-ceb05ec\" data-id=\"ceb05ec\" data-element_type=\"column\" data-settings=\"{&quot;background_background&quot;:&quot;classic&quot;}\">\n\t\t\t<div class=\"elementor-widget-wrap elementor-element-populated\">\n\t\t\t\t\t\t<div class=\"elementor-element elementor-element-7b5b231 elementor-widget elementor-widget-heading\" data-id=\"7b5b231\" data-element_type=\"widget\" data-widget_type=\"heading.default\">\n\t\t\t\t<div class=\"elementor-widget-container\">\n\t\t\t<h2 class=\"elementor-heading-title elementor-size-default\">Un petit quelque chose \u00e0 propos de nous<\/h2>\t\t<\/div>\n\t\t\t\t<\/div>\n\t\t\t\t<div class=\"elementor-element elementor-element-8856a00 elementor-widget elementor-widget-text-editor\" data-id=\"8856a00\" data-element_type=\"widget\" data-widget_type=\"text-editor.default\">\n\t\t\t\t<div class=\"elementor-widget-container\">\n\t\t\t\t\t\t\t<p>S.R. Innovative Products est une entreprise canadienne active dans les soins de la peau (Dermaceutics). En tant qu&#8217;entreprise nationale, nous pensons que la seule fa\u00e7on de rivaliser avec les grandes entreprises et d&#8217;assurer une expansion internationale est de s&#8217;engager \u00e0 fournir les meilleurs produits possibles ! Les produits innovants Skin Repair sont aujourd&#8217;hui distribu\u00e9s dans plus d&#8217;une dizaine de pays.<\/p>\t\t\t\t\t\t<\/div>\n\t\t\t\t<\/div>\n\t\t\t\t\t<\/div>\n\t\t<\/div>\n\t\t\t\t<div class=\"elementor-column elementor-col-50 elementor-top-column elementor-element elementor-element-7b68375\" data-id=\"7b68375\" data-element_type=\"column\">\n\t\t\t<div class=\"elementor-widget-wrap\">\n\t\t\t\t\t\t\t<\/div>\n\t\t<\/div>\n\t\t\t\t\t<\/div>\n\t\t<\/section>\n\t\t\t\t<section class=\"elementor-section elementor-top-section elementor-element elementor-element-6cc5219 elementor-section-boxed elementor-section-height-default elementor-section-height-default\" data-id=\"6cc5219\" data-element_type=\"section\">\n\t\t\t\t\t\t<div class=\"elementor-container elementor-column-gap-default\">\n\t\t\t\t\t<div class=\"elementor-column elementor-col-100 elementor-top-column elementor-element elementor-element-b398536\" data-id=\"b398536\" data-element_type=\"column\">\n\t\t\t<div class=\"elementor-widget-wrap elementor-element-populated\">\n\t\t\t\t\t\t<div class=\"elementor-element elementor-element-2e9ae0e elementor-widget elementor-widget-heading\" data-id=\"2e9ae0e\" data-element_type=\"widget\" data-widget_type=\"heading.default\">\n\t\t\t\t<div class=\"elementor-widget-container\">\n\t\t\t<h2 class=\"elementor-heading-title elementor-size-default\">Notre engagement envers les soins de la peau ne s'arr\u00eate pas \u00e0 nos produits. Nous nous effor\u00e7ons d'aller au-del\u00e0 de ce que n'importe quelle marque peut offrir et d'offrir \u00e0 nos clients la meilleure exp\u00e9rience possible. Cela signifie rechercher, d\u00e9velopper et partager en permanence des informations sur la sant\u00e9 et la beaut\u00e9 de la peau afin que chacun ait les connaissances dont il a besoin pour para\u00eetre et se sentir mieux.<\/h2>\t\t<\/div>\n\t\t\t\t<\/div>\n\t\t\t\t\t<\/div>\n\t\t<\/div>\n\t\t\t\t\t<\/div>\n\t\t<\/section>\n\t\t\t\t<section class=\"elementor-section elementor-top-section elementor-element elementor-element-881fa96 elementor-section-boxed elementor-section-height-default elementor-section-height-default\" data-id=\"881fa96\" data-element_type=\"section\" data-settings=\"{&quot;background_background&quot;:&quot;classic&quot;}\">\n\t\t\t\t\t\t<div class=\"elementor-container elementor-column-gap-default\">\n\t\t\t\t\t<div class=\"elementor-column elementor-col-50 elementor-top-column elementor-element elementor-element-56c3e12 wpb-col-sm-40\" data-id=\"56c3e12\" data-element_type=\"column\">\n\t\t\t<div class=\"elementor-widget-wrap\">\n\t\t\t\t\t\t\t<\/div>\n\t\t<\/div>\n\t\t\t\t<div class=\"elementor-column elementor-col-50 elementor-top-column elementor-element elementor-element-70e0318 wpb-col-sm-60\" data-id=\"70e0318\" data-element_type=\"column\" data-settings=\"{&quot;background_background&quot;:&quot;classic&quot;}\">\n\t\t\t<div class=\"elementor-widget-wrap elementor-element-populated\">\n\t\t\t\t\t\t<div class=\"elementor-element elementor-element-5201dfc elementor-widget elementor-widget-text-editor\" data-id=\"5201dfc\" data-element_type=\"widget\" data-widget_type=\"text-editor.default\">\n\t\t\t\t<div class=\"elementor-widget-container\">\n\t\t\t\t\t\t\t<p>La mission premi\u00e8re de notre entreprise est d&#8217;imaginer, de concevoir, de cr\u00e9er (gr\u00e2ce \u00e0 des investissements substantiels en recherche et d\u00e9veloppement), de fabriquer et de commercialiser une gamme de produits de qualit\u00e9 sup\u00e9rieure.<\/p><p>Tous nos produits illustrent la m\u00eame vision entrepreneuriale et se caract\u00e9risent par une innovation technologique et des performances exceptionnelles. Nous visons rien de moins que la constance dans l&#8217;excellence. C&#8217;est plus qu&#8217;une promesse; c&#8217;est une garantie !<\/p><p>Saviez-vous que de nombreux assureurs priv\u00e9s consid\u00e8rent le syst\u00e8me\u00a0Scarfix comme une d\u00e9pense m\u00e9dicale et proposent un remboursement avec une copie de l&#8217;ordonnance du m\u00e9decin\u00a0? Contactez votre compagnie d&#8217;assurance pour voir si vous \u00eates admissible.<\/p>\t\t\t\t\t\t<\/div>\n\t\t\t\t<\/div>\n\t\t\t\t\t<\/div>\n\t\t<\/div>\n\t\t\t\t\t<\/div>\n\t\t<\/section>\n\t\t\t\t<section class=\"elementor-section elementor-top-section elementor-element elementor-element-f2032c3 elementor-section-boxed elementor-section-height-default elementor-section-height-default\" data-id=\"f2032c3\" data-element_type=\"section\">\n\t\t\t\t\t\t<div class=\"elementor-container elementor-column-gap-default\">\n\t\t\t\t\t<div class=\"elementor-column elementor-col-100 elementor-top-column elementor-element elementor-element-3805625\" data-id=\"3805625\" data-element_type=\"column\">\n\t\t\t<div class=\"elementor-widget-wrap elementor-element-populated\">\n\t\t\t\t\t\t<div class=\"elementor-element elementor-element-1289c3b elementor-widget elementor-widget-heading\" data-id=\"1289c3b\" data-element_type=\"widget\" data-widget_type=\"heading.default\">\n\t\t\t\t<div class=\"elementor-widget-container\">\n\t\t\t<h2 class=\"elementor-heading-title elementor-size-default\">#skinrepairsolution<\/h2>\t\t<\/div>\n\t\t\t\t<\/div>\n\t\t\t\t<div class=\"elementor-element elementor-element-4c5feac elementor-widget elementor-widget-text-editor\" data-id=\"4c5feac\" data-element_type=\"widget\" data-widget_type=\"text-editor.default\">\n\t\t\t\t<div class=\"elementor-widget-container\">\n\t\t\t\t\t\t\t<p>PARTAGEZ AVEC NOUS VOS MOMENTS SANS CICATRICE\u00a0!<\/p>\t\t\t\t\t\t<\/div>\n\t\t\t\t<\/div>\n\t\t\t\t\t<\/div>\n\t\t<\/div>\n\t\t\t\t\t<\/div>\n\t\t<\/section>\n\t\t\t\t<section class=\"elementor-section elementor-top-section elementor-element elementor-element-6610d95 elementor-section-boxed elementor-section-height-default elementor-section-height-default\" data-id=\"6610d95\" data-element_type=\"section\">\n\t\t\t\t\t\t<div class=\"elementor-container elementor-column-gap-default\">\n\t\t\t\t\t<div class=\"elementor-column elementor-col-100 elementor-top-column elementor-element elementor-element-d016938\" data-id=\"d016938\" data-element_type=\"column\">\n\t\t\t<div class=\"elementor-widget-wrap elementor-element-populated\">\n\t\t\t\t\t\t<div class=\"elementor-element elementor-element-82d0751 elementor-shape-rounded elementor-grid-0 e-grid-align-center elementor-widget elementor-widget-social-icons\" data-id=\"82d0751\" data-element_type=\"widget\" data-widget_type=\"social-icons.default\">\n\t\t\t\t<div class=\"elementor-widget-container\">\n\t\t\t\t\t<div class=\"elementor-social-icons-wrapper elementor-grid\">\n\t\t\t\t\t\t\t<span class=\"elementor-grid-item\">\n\t\t\t\t\t<a class=\"elementor-icon elementor-social-icon elementor-social-icon-facebook elementor-repeater-item-d41a951\" href=\"https:\/\/www.facebook.com\/SkinRepairSolution\" target=\"_blank\">\n\t\t\t\t\t\t<span class=\"elementor-screen-only\">Facebook<\/span>\n\t\t\t\t\t\t<i class=\"fab fa-facebook\"><\/i>\t\t\t\t\t<\/a>\n\t\t\t\t<\/span>\n\t\t\t\t\t\t\t<span class=\"elementor-grid-item\">\n\t\t\t\t\t<a class=\"elementor-icon elementor-social-icon elementor-social-icon-instagram elementor-repeater-item-5e8f6e9\" href=\"https:\/\/www.instagram.com\/skinrepairsolution\/\" target=\"_blank\">\n\t\t\t\t\t\t<span class=\"elementor-screen-only\">Instagram<\/span>\n\t\t\t\t\t\t<i class=\"fab fa-instagram\"><\/i>\t\t\t\t\t<\/a>\n\t\t\t\t<\/span>\n\t\t\t\t\t\t\t<span class=\"elementor-grid-item\">\n\t\t\t\t\t<a class=\"elementor-icon elementor-social-icon elementor-social-icon-youtube elementor-repeater-item-b263546\" href=\"http:\/\/www.youtube.com\/@SRInnovativeProducts\" target=\"_blank\">\n\t\t\t\t\t\t<span class=\"elementor-screen-only\">Youtube<\/span>\n\t\t\t\t\t\t<i class=\"fab fa-youtube\"><\/i>\t\t\t\t\t<\/a>\n\t\t\t\t<\/span>\n\t\t\t\t\t<\/div>\n\t\t\t\t<\/div>\n\t\t\t\t<\/div>\n\t\t\t\t\t<\/div>\n\t\t<\/div>\n\t\t\t\t\t<\/div>\n\t\t<\/section>\n\t\t\t\t<\/div>\n\t\t","protected":false},"excerpt":{"rendered":"<p>Un petit quelque chose \u00e0 propos de nous S.R. Innovative Products est une entreprise canadienne active dans les soins de la peau (Dermaceutics). En tant qu&#8217;entreprise nationale, nous pensons que la seule fa\u00e7on de rivaliser avec les grandes entreprises et d&#8217;assurer une expansion internationale est de s&#8217;engager \u00e0 fournir les meilleurs produits possibles ! Les [&hellip;]<\/p>\n","protected":false},"author":1,"featured_media":0,"parent":0,"menu_order":0,"comment_status":"closed","ping_status":"closed","template":"elementor_theme","meta":{"footnotes":""},"class_list":["post-9095","page","type-page","status-publish","hentry"],"_links":{"self":[{"href":"http:\/\/www.thebestscartreatment.com\/french\/wp-json\/wp\/v2\/pages\/9095"}],"collection":[{"href":"http:\/\/www.thebestscartreatment.com\/french\/wp-json\/wp\/v2\/pages"}],"about":[{"href":"http:\/\/www.thebestscartreatment.com\/french\/wp-json\/wp\/v2\/types\/page"}],"author":[{"embeddable":true,"href":"http:\/\/www.thebestscartreatment.com\/french\/wp-json\/wp\/v2\/users\/1"}],"replies":[{"embeddable":true,"href":"http:\/\/www.thebestscartreatment.com\/french\/wp-json\/wp\/v2\/comments?post=9095"}],"version-history":[{"count":156,"href":"http:\/\/www.thebestscartreatment.com\/french\/wp-json\/wp\/v2\/pages\/9095\/revisions"}],"predecessor-version":[{"id":20172,"href":"http:\/\/www.thebestscartreatment.com\/french\/wp-json\/wp\/v2\/pages\/9095\/revisions\/20172"}],"wp:attachment":[{"href":"http:\/\/www.thebestscartreatment.com\/french\/wp-json\/wp\/v2\/media?parent=9095"}],"curies":[{"name":"wp","href":"https:\/\/api.w.org\/{rel}","templated":true}]}}